{"id":39,"date":"2025-04-17T17:11:39","date_gmt":"2025-04-17T15:11:39","guid":{"rendered":"http:\/\/www.kalsmatreiertoerl.at\/?page_id=39"},"modified":"2026-02-10T18:49:25","modified_gmt":"2026-02-10T17:49:25","slug":"startseite","status":"publish","type":"page","link":"http:\/\/www.kalsmatreiertoerl.at\/","title":{"rendered":""},"content":{"rendered":"\n<div class=\"wp-block-group alignfull has-global-padding is-layout-constrained wp-block-group-is-layout-constrained\">\n<div class=\"wp-block-cover alignfull\" style=\"padding-top:var(--wp--preset--spacing--30);padding-right:var(--wp--preset--spacing--30);padding-bottom:var(--wp--preset--spacing--30);padding-left:var(--wp--preset--spacing--30);min-height:50px;aspect-ratio:unset;\"><img loading=\"lazy\" decoding=\"async\" width=\"1920\" height=\"910\" class=\"wp-block-cover__image-background wp-image-25\" alt=\"Kals-Matreier T\u00f6rl\" src=\"http:\/\/www.kalsmatreiertoerl.at\/wp-content\/uploads\/2025\/02\/kals-matreier-toerl-sommer23-c-elias-bachmann-pano1.png\" data-object-fit=\"cover\" srcset=\"http:\/\/www.kalsmatreiertoerl.at\/wp-content\/uploads\/2025\/02\/kals-matreier-toerl-sommer23-c-elias-bachmann-pano1.png 1920w, http:\/\/www.kalsmatreiertoerl.at\/wp-content\/uploads\/2025\/02\/kals-matreier-toerl-sommer23-c-elias-bachmann-pano1-300x142.png 300w, http:\/\/www.kalsmatreiertoerl.at\/wp-content\/uploads\/2025\/02\/kals-matreier-toerl-sommer23-c-elias-bachmann-pano1-1024x485.png 1024w, http:\/\/www.kalsmatreiertoerl.at\/wp-content\/uploads\/2025\/02\/kals-matreier-toerl-sommer23-c-elias-bachmann-pano1-768x364.png 768w, http:\/\/www.kalsmatreiertoerl.at\/wp-content\/uploads\/2025\/02\/kals-matreier-toerl-sommer23-c-elias-bachmann-pano1-1536x728.png 1536w\" sizes=\"auto, (max-width: 1920px) 100vw, 1920px\" \/><span aria-hidden=\"true\" class=\"wp-block-cover__background has-black-background-color has-background-dim\"><\/span><div class=\"wp-block-cover__inner-container is-layout-flow wp-block-cover-is-layout-flow\">\n<div class=\"wp-block-group alignwide has-base-color has-text-color has-link-color wp-elements-3546d9239d28d11a606e050a4c55af91 is-content-justification-center is-layout-flex wp-container-core-group-is-layout-62ac122f wp-block-group-is-layout-flex\" style=\"margin-top:0;margin-bottom:0\">\n<div class=\"wp-block-group is-layout-flex wp-block-group-is-layout-flex\">\n<p><\/p>\n\n\n\n<p><\/p>\n\n\n\n<p><\/p>\n\n\n\n<p><\/p>\n\n\n\n<p><\/p>\n\n\n\n<p><\/p>\n\n\n\n<p><\/p>\n\n\n\n<p class=\"has-xx-large-font-size\">Seite in Arbeit<\/p>\n<\/div>\n<\/div>\n\n\n\n<div style=\"height:163px\" aria-hidden=\"true\" class=\"wp-block-spacer\"><\/div>\n<\/div><\/div>\n<\/div>\n\n\n\n<p>Entdecke unsere familienfreundliche Bergh\u00fctte <strong>Kals Matreier T\u00f6rl-Haus&nbsp;<\/strong>auf 2.207m H\u00f6he, ideal gelegen zwischen <strong>Matrei in Osttirol<\/strong> und<strong> Kals am Gro\u00dfglockner<\/strong>. Hier kannst du einen entspannten Tag \u00fcber 2.000m verbringen, die frische Bergluft genie\u00dfen und atemberaubende Blicke auf den Gro\u00dfglockner und die umliegenden Alpen erleben.<\/p>\n\n\n\n<h2 class=\"wp-block-heading\"><br>Aktuelles:<\/h2>\n\n\n\n<h3 class=\"wp-block-heading\">\u00d6ffnungszeiten 2025:<\/h3>\n\n\n\n<figure class=\"wp-block-table\"><table class=\"has-fixed-layout\"><tbody><tr><td>ab 6. Juni<\/td><td>Freitag, Samstag, Sonntag ge\u00f6ffnet<\/td><\/tr><tr><td>20. Juni bis 9.Juli<\/td><td>durchgehend ge\u00f6ffnet Mittwoch Ruhetag<\/td><\/tr><tr><td>10. Juli bis 26. August<\/td><td>durchgehend ge\u00f6ffnet<\/td><\/tr><tr><td>27. August bis 30. September<\/td><td>durchgehend ge\u00f6ffnet Mittwoch Ruhetag<\/td><\/tr><tr><td>Oktober<\/td><td>je nach Wetterlage an den Wochenenden ge\u00f6ffnet<\/td><\/tr><\/tbody><\/table><\/figure>\n\n\n\n<div style=\"height:57px\" aria-hidden=\"true\" class=\"wp-block-spacer\"><\/div>\n\n\n\n<h3 class=\"wp-block-heading\">Gondel\u00f6ffnungszeiten 2024:<\/h3>\n\n\n\n<figure class=\"wp-block-table\"><table class=\"has-fixed-layout\"><tbody><tr><td>Kals<\/td><td>22.06. \u2013 22.09.<br>Mittwoch Ruhetag<\/td><\/tr><tr><td>Matrei:<\/td><td>14.07. \u2013 25.08. <br>Samstag Ruhetag<\/td><\/tr><\/tbody><\/table><\/figure>\n\n\n\n<hr class=\"wp-block-separator has-alpha-channel-opacity\" style=\"margin-top:var(--wp--preset--spacing--50);margin-bottom:var(--wp--preset--spacing--50)\"\/>\n\n\n\n<h2 class=\"wp-block-heading\">Das sind wir<\/h2>\n\n\n\n<figure class=\"wp-block-image size-large\"><img loading=\"lazy\" decoding=\"async\" width=\"1024\" height=\"683\" src=\"http:\/\/www.kalsmatreiertoerl.at\/wp-content\/uploads\/2025\/02\/kals-matreier-toerl-sommer23-c-elias-bachmann0361-1024x683.png\" alt=\"H\u00fcttenwirte Emanuel und Rebekka Egger\" class=\"wp-image-27\" srcset=\"http:\/\/www.kalsmatreiertoerl.at\/wp-content\/uploads\/2025\/02\/kals-matreier-toerl-sommer23-c-elias-bachmann0361-1024x683.png 1024w, http:\/\/www.kalsmatreiertoerl.at\/wp-content\/uploads\/2025\/02\/kals-matreier-toerl-sommer23-c-elias-bachmann0361-300x200.png 300w, http:\/\/www.kalsmatreiertoerl.at\/wp-content\/uploads\/2025\/02\/kals-matreier-toerl-sommer23-c-elias-bachmann0361-768x512.png 768w, http:\/\/www.kalsmatreiertoerl.at\/wp-content\/uploads\/2025\/02\/kals-matreier-toerl-sommer23-c-elias-bachmann0361-1536x1025.png 1536w, http:\/\/www.kalsmatreiertoerl.at\/wp-content\/uploads\/2025\/02\/kals-matreier-toerl-sommer23-c-elias-bachmann0361.png 1920w\" sizes=\"auto, (max-width: 1024px) 100vw, 1024px\" \/><\/figure>\n\n\n\n<p>Emanuel und Rebekka Egger<br>Unsere H\u00fcttenphilosophie spiegelt unsere Werte, unsere Lebenseinstellung und unsere Vorstellung vom Sinn des Lebens wider.<\/p>\n\n\n\n<div class=\"wp-block-buttons is-content-justification-center is-layout-flex wp-container-core-buttons-is-layout-a89b3969 wp-block-buttons-is-layout-flex\">\n<div class=\"wp-block-button\"><a class=\"wp-block-button__link wp-element-button\">weiterlesen&#8230;<\/a><\/div>\n<\/div>\n\n\n\n<hr class=\"wp-block-separator has-alpha-channel-opacity\" style=\"margin-top:var(--wp--preset--spacing--50);margin-bottom:var(--wp--preset--spacing--50)\"\/>\n\n\n\n<h2 class=\"wp-block-heading\">Unsere Philosophie<\/h2>\n\n\n\n<p>Unsere H\u00fcttenphilosophie spiegelt unsere Werte, unsere Lebenseinstellung und unsere Vorstellung vom Sinn des Lebens wider.<\/p>\n\n\n\n<div class=\"wp-block-buttons is-content-justification-center is-layout-flex wp-container-core-buttons-is-layout-a89b3969 wp-block-buttons-is-layout-flex\">\n<div class=\"wp-block-button\"><a class=\"wp-block-button__link wp-element-button\">weiterlesen&#8230;<\/a><\/div>\n<\/div>\n\n\n\n<hr class=\"wp-block-separator has-alpha-channel-opacity\" style=\"margin-top:var(--wp--preset--spacing--50);margin-bottom:var(--wp--preset--spacing--50)\"\/>\n\n\n\n<h2 class=\"wp-block-heading\">Wie man uns erreicht<\/h2>\n\n\n\n<p>Unsere Bergh\u00fctte ist ein Paradies f\u00fcr <strong>Kinder und Erwachsene<\/strong>. Genie\u00dfe eine gemeinsame Wanderung oder die Tiroler K\u00fcche. Nutze die <strong>Goldried Kabinenumlaufbahn von Matrei<\/strong> oder die <strong>Gondelbahn von Kals<\/strong> f\u00fcr eine stressfreie Anreise.<\/p>\n\n\n\n<div class=\"wp-block-buttons is-content-justification-center is-layout-flex wp-container-core-buttons-is-layout-a89b3969 wp-block-buttons-is-layout-flex\">\n<div class=\"wp-block-button\"><a class=\"wp-block-button__link wp-element-button\">weiterlesen&#8230;<\/a><\/div>\n<\/div>\n\n\n\n<hr class=\"wp-block-separator has-alpha-channel-opacity\" style=\"margin-top:var(--wp--preset--spacing--50);margin-bottom:var(--wp--preset--spacing--50)\"\/>\n\n\n\n<h2 class=\"wp-block-heading\">Seminare, Klassenausflug, Geburtstagsfeier, &#8230; <\/h2>\n\n\n\n<p>Jeweils im Juni und September gibt es bei uns die M\u00f6glichkeit ein einzigartiges Abenteuer als Gruppe zu erleben. Unsere einfachen, liebevoll gestalteten Zimmer bieten Platz f\u00fcr bis zu 14 Personen.<\/p>\n\n\n\n<div class=\"wp-block-buttons is-content-justification-center is-layout-flex wp-container-core-buttons-is-layout-a89b3969 wp-block-buttons-is-layout-flex\">\n<div class=\"wp-block-button\"><a class=\"wp-block-button__link wp-element-button\">weiterlesen&#8230;<\/a><\/div>\n<\/div>\n\n\n\n<hr class=\"wp-block-separator has-alpha-channel-opacity\" style=\"margin-top:var(--wp--preset--spacing--50);margin-bottom:var(--wp--preset--spacing--50)\"\/>\n\n\n\n<h2 class=\"wp-block-heading\">Kontakt<\/h2>\n\n\n\n<div class=\"wp-block-columns is-layout-flex wp-container-core-columns-is-layout-28f84493 wp-block-columns-is-layout-flex\">\n<div class=\"wp-block-column is-layout-flow wp-block-column-is-layout-flow\">\n<p>kalsmatreiertoerl@aon.at<br>+43 680 116 3892<\/p>\n<\/div>\n\n\n\n<div class=\"wp-block-column is-layout-flow wp-block-column-is-layout-flow\">\n<p>Emanuel &amp; Rebekka Egger<br>Sonnenhang 18 <br>9971 Matrei in Osttirol<\/p>\n<\/div>\n<\/div>\n\n\n\n<p><\/p>\n","protected":false},"excerpt":{"rendered":"<p>Entdecke unsere familienfreundliche Bergh\u00fctte Kals Matreier T\u00f6rl-Haus&nbsp;auf 2.207m H\u00f6he, ideal gelegen zwischen Matrei in Osttirol und Kals am Gro\u00dfglockner. Hier kannst du einen entspannten Tag \u00fcber 2.000m verbringen, die frische Bergluft genie\u00dfen und atemberaubende Blicke auf den Gro\u00dfglockner und die umliegenden Alpen erleben. Aktuelles: \u00d6ffnungszeiten 2025: ab 6. Juni Freitag, Samstag, Sonntag ge\u00f6ffnet 20. Juni [&hellip;]<\/p>\n","protected":false},"author":1,"featured_media":25,"parent":0,"menu_order":0,"comment_status":"closed","ping_status":"closed","template":"","meta":{"footnotes":""},"class_list":["post-39","page","type-page","status-publish","has-post-thumbnail","hentry"],"_links":{"self":[{"href":"http:\/\/www.kalsmatreiertoerl.at\/index.php?rest_route=\/wp\/v2\/pages\/39","targetHints":{"allow":["GET"]}}],"collection":[{"href":"http:\/\/www.kalsmatreiertoerl.at\/index.php?rest_route=\/wp\/v2\/pages"}],"about":[{"href":"http:\/\/www.kalsmatreiertoerl.at\/index.php?rest_route=\/wp\/v2\/types\/page"}],"author":[{"embeddable":true,"href":"http:\/\/www.kalsmatreiertoerl.at\/index.php?rest_route=\/wp\/v2\/users\/1"}],"replies":[{"embeddable":true,"href":"http:\/\/www.kalsmatreiertoerl.at\/index.php?rest_route=%2Fwp%2Fv2%2Fcomments&post=39"}],"version-history":[{"count":6,"href":"http:\/\/www.kalsmatreiertoerl.at\/index.php?rest_route=\/wp\/v2\/pages\/39\/revisions"}],"predecessor-version":[{"id":58,"href":"http:\/\/www.kalsmatreiertoerl.at\/index.php?rest_route=\/wp\/v2\/pages\/39\/revisions\/58"}],"wp:featuredmedia":[{"embeddable":true,"href":"http:\/\/www.kalsmatreiertoerl.at\/index.php?rest_route=\/wp\/v2\/media\/25"}],"wp:attachment":[{"href":"http:\/\/www.kalsmatreiertoerl.at\/index.php?rest_route=%2Fwp%2Fv2%2Fmedia&parent=39"}],"curies":[{"name":"wp","href":"https:\/\/api.w.org\/{rel}","templated":true}]}}